{"id":128,"date":"2024-05-30T09:02:28","date_gmt":"2024-05-30T09:02:28","guid":{"rendered":"https:\/\/prueba.mtapia.es\/?page_id=128"},"modified":"2024-05-31T09:55:32","modified_gmt":"2024-05-31T09:55:32","slug":"yo-soy-tapia","status":"publish","type":"page","link":"https:\/\/prueba.mtapia.es\/index.php\/yo-soy-tapia\/","title":{"rendered":"YO SOY TAPIA"},"content":{"rendered":"\t\t<div data-elementor-type=\"wp-page\" data-elementor-id=\"128\" class=\"elementor elementor-128\">\n\t\t\t\t<div class=\"elementor-element elementor-element-3e0033a e-flex e-con-boxed e-con e-parent\" data-id=\"3e0033a\" data-element_type=\"container\" data-e-type=\"container\">\n\t\t\t\t\t<div class=\"e-con-inner\">\n\t\t\t\t<div class=\"elementor-element elementor-element-1c027c8 elementor-widget elementor-widget-image\" data-id=\"1c027c8\" data-element_type=\"widget\" data-e-type=\"widget\" data-widget_type=\"image.default\">\n\t\t\t\t<div class=\"elementor-widget-container\">\n\t\t\t\t\t\t\t\t\t\t\t\t\t\t\t<img fetchpriority=\"high\" decoding=\"async\" width=\"1024\" height=\"597\" src=\"https:\/\/prueba.mtapia.es\/wp-content\/uploads\/2024\/05\/iNSTALACIONES-M-TAPIA-1-1024x597.jpg\" class=\"attachment-large size-large wp-image-150\" alt=\"\" srcset=\"https:\/\/prueba.mtapia.es\/wp-content\/uploads\/2024\/05\/iNSTALACIONES-M-TAPIA-1-1024x597.jpg 1024w, https:\/\/prueba.mtapia.es\/wp-content\/uploads\/2024\/05\/iNSTALACIONES-M-TAPIA-1-300x175.jpg 300w, https:\/\/prueba.mtapia.es\/wp-content\/uploads\/2024\/05\/iNSTALACIONES-M-TAPIA-1-768x448.jpg 768w, https:\/\/prueba.mtapia.es\/wp-content\/uploads\/2024\/05\/iNSTALACIONES-M-TAPIA-1-600x350.jpg 600w, https:\/\/prueba.mtapia.es\/wp-content\/uploads\/2024\/05\/iNSTALACIONES-M-TAPIA-1.jpg 1200w\" sizes=\"(max-width: 1024px) 100vw, 1024px\" \/>\t\t\t\t\t\t\t\t\t\t\t\t\t\t\t<\/div>\n\t\t\t\t<\/div>\n\t\t\t\t\t<\/div>\n\t\t\t\t<\/div>\n\t\t<div class=\"elementor-element elementor-element-7b13244 e-flex e-con-boxed e-con e-parent\" data-id=\"7b13244\" data-element_type=\"container\" data-e-type=\"container\">\n\t\t\t\t\t<div class=\"e-con-inner\">\n\t\t\t\t<div class=\"elementor-element elementor-element-b75dcd9 elementor-widget elementor-widget-text-editor\" data-id=\"b75dcd9\" data-element_type=\"widget\" data-e-type=\"widget\" data-widget_type=\"text-editor.default\">\n\t\t\t\t<div class=\"elementor-widget-container\">\n\t\t\t\t\t\t\t\t\t<p>En nuestras modernas instalaciones de 10.000 metros cuadrados de fr\u00edo disponemos de una capacidad de almacenamiento para seis millones de kilos de mercanc\u00eda congelada. Asimismo, tambi\u00e9n contamos con una flota de 28 camiones, 15 muelles de carga y un cat\u00e1logo de m\u00e1s de 2.500 referencias de productos variados que nos hacen ser referentes en el mercado andaluz.<\/p>\t\t\t\t\t\t\t\t<\/div>\n\t\t\t\t<\/div>\n\t\t\t\t\t<\/div>\n\t\t\t\t<\/div>\n\t\t<div class=\"elementor-element elementor-element-00e1d09 e-flex e-con-boxed e-con e-parent\" data-id=\"00e1d09\" data-element_type=\"container\" data-e-type=\"container\">\n\t\t\t\t\t<div class=\"e-con-inner\">\n\t\t\t\t<div class=\"elementor-element elementor-element-95ee024 elementor-widget elementor-widget-video\" data-id=\"95ee024\" data-element_type=\"widget\" data-e-type=\"widget\" data-settings=\"{&quot;youtube_url&quot;:&quot;https:\\\/\\\/youtu.be\\\/YVETFufs0Tc&quot;,&quot;video_type&quot;:&quot;youtube&quot;,&quot;controls&quot;:&quot;yes&quot;}\" data-widget_type=\"video.default\">\n\t\t\t\t<div class=\"elementor-widget-container\">\n\t\t\t\t\t\t\t<div class=\"elementor-wrapper elementor-open-inline\">\n\t\t\t<div class=\"elementor-video\"><\/div>\t\t<\/div>\n\t\t\t\t\t\t<\/div>\n\t\t\t\t<\/div>\n\t\t\t\t\t<\/div>\n\t\t\t\t<\/div>\n\t\t<div class=\"elementor-element elementor-element-6b56a4c e-flex e-con-boxed e-con e-parent\" data-id=\"6b56a4c\" data-element_type=\"container\" data-e-type=\"container\">\n\t\t\t\t\t<div class=\"e-con-inner\">\n\t\t\t\t<div class=\"elementor-element elementor-element-39f0bf3 elementor-widget elementor-widget-text-editor\" data-id=\"39f0bf3\" data-element_type=\"widget\" data-e-type=\"widget\" data-widget_type=\"text-editor.default\">\n\t\t\t\t<div class=\"elementor-widget-container\">\n\t\t\t\t\t\t\t\t\t<p><span style=\"color: #3366ff;\"><strong>CONGELADOS MIGUEL TAPIA<\/strong><\/span> es una de las m\u00e1s importantes empresas de productos congelados en Andaluc\u00eda y Extremadura especializada en la distribuci\u00f3n de este tipo de alimentos. Compa\u00f1\u00eda familiar que siempre ha tenido un objetivo: ofrecer calidad y buen servicio a quienes conf\u00edan en nosotros. Nuestros valores nos han ayudado a seguir creciendo y mejorando d\u00eda tras d\u00eda.<\/p><p><strong>Nos avalan m\u00e1s de 200 proveedores de confianza. Todo ello sin olvidarnos de lo que para nosotros es el pilar de nuestro negocio: LOS CLIENTES.<\/strong><\/p><p>\u00a0<\/p>\t\t\t\t\t\t\t\t<\/div>\n\t\t\t\t<\/div>\n\t\t\t\t\t<\/div>\n\t\t\t\t<\/div>\n\t\t<div class=\"elementor-element elementor-element-7832a2a e-flex e-con-boxed e-con e-parent\" data-id=\"7832a2a\" data-element_type=\"container\" data-e-type=\"container\">\n\t\t\t\t\t<div class=\"e-con-inner\">\n\t\t\t\t<div class=\"elementor-element elementor-element-785d84c elementor-widget elementor-widget-heading\" data-id=\"785d84c\" data-element_type=\"widget\" data-e-type=\"widget\" data-widget_type=\"heading.default\">\n\t\t\t\t<div class=\"elementor-widget-container\">\n\t\t\t\t\t<h2 class=\"elementor-heading-title elementor-size-default\">Un poco de historia...<\/h2>\t\t\t\t<\/div>\n\t\t\t\t<\/div>\n\t\t\t\t\t<\/div>\n\t\t\t\t<\/div>\n\t\t<div class=\"elementor-element elementor-element-2bd45c3 e-flex e-con-boxed e-con e-parent\" data-id=\"2bd45c3\" data-element_type=\"container\" data-e-type=\"container\">\n\t\t\t\t\t<div class=\"e-con-inner\">\n\t\t\t\t<div class=\"elementor-element elementor-element-1a87ff8 elementor-widget elementor-widget-image\" data-id=\"1a87ff8\" data-element_type=\"widget\" data-e-type=\"widget\" data-widget_type=\"image.default\">\n\t\t\t\t<div class=\"elementor-widget-container\">\n\t\t\t\t\t\t\t\t\t\t\t\t\t\t\t<img decoding=\"async\" width=\"1005\" height=\"498\" src=\"https:\/\/prueba.mtapia.es\/wp-content\/uploads\/2024\/05\/FOTO-HISTORIA-TAPIA.jpg\" class=\"attachment-large size-large wp-image-160\" alt=\"\" srcset=\"https:\/\/prueba.mtapia.es\/wp-content\/uploads\/2024\/05\/FOTO-HISTORIA-TAPIA.jpg 1005w, https:\/\/prueba.mtapia.es\/wp-content\/uploads\/2024\/05\/FOTO-HISTORIA-TAPIA-300x149.jpg 300w, https:\/\/prueba.mtapia.es\/wp-content\/uploads\/2024\/05\/FOTO-HISTORIA-TAPIA-768x381.jpg 768w, https:\/\/prueba.mtapia.es\/wp-content\/uploads\/2024\/05\/FOTO-HISTORIA-TAPIA-600x297.jpg 600w\" sizes=\"(max-width: 1005px) 100vw, 1005px\" \/>\t\t\t\t\t\t\t\t\t\t\t\t\t\t\t<\/div>\n\t\t\t\t<\/div>\n\t\t\t\t\t<\/div>\n\t\t\t\t<\/div>\n\t\t<div class=\"elementor-element elementor-element-c4a78fe e-flex e-con-boxed e-con e-parent\" data-id=\"c4a78fe\" data-element_type=\"container\" data-e-type=\"container\">\n\t\t\t\t\t<div class=\"e-con-inner\">\n\t\t\t\t<div class=\"elementor-element elementor-element-77dafc5 elementor-widget elementor-widget-text-editor\" data-id=\"77dafc5\" data-element_type=\"widget\" data-e-type=\"widget\" data-widget_type=\"text-editor.default\">\n\t\t\t\t<div class=\"elementor-widget-container\">\n\t\t\t\t\t\t\t\t\t<p class=\"texto\">Nuestra entidad surgi\u00f3 gracias a la ilusi\u00f3n de nuestro fundador, Miguel Tapia, y su mujer, Pepa. Ambos so\u00f1aban con abrir un peque\u00f1o establecimiento en San Jos\u00e9 de la Rinconada (Sevilla), donde vender comestibles en 1965.<\/p><p class=\"texto\">El esp\u00edritu emprendedor de ambos hizo que el negocio despuntara en 1968, cuando comenzaron a repartir los primeros alimentos congelados de Andaluc\u00eda en una humilde furgoneta.<\/p><p class=\"texto\">Desde entonces y hasta hoy, este esp\u00edritu emprendedor acompa\u00f1a nuestra singladura.<\/p><div id=\"target-id66345bb20a2c0\" class=\"collapseomatic_content\"><p class=\"texto\">En 2003 se construyeron las nuevas y modernas instalaciones, lo que hoy d\u00eda es Miguel Tapia, S.L, y se traslad\u00f3 el negocio al municipio sevillano de Guillena.<\/p><p class=\"texto\">Desde 2010 la gerencia ha sido asumida por Miguel Tapia hijo, que comparte con su progenitor la misma pasi\u00f3n, ilusi\u00f3n, disciplina y rigor que caracteriza al negocio. Adem\u00e1s, la tercera generaci\u00f3n familiar ya forma parte de la plantilla, lo cual garantiza el futuro y la fidelidad de la empresa con los valores del fundador Miguel Tapia Lobo.<\/p><\/div>\t\t\t\t\t\t\t\t<\/div>\n\t\t\t\t<\/div>\n\t\t\t\t\t<\/div>\n\t\t\t\t<\/div>\n\t\t<div class=\"elementor-element elementor-element-07b2663 e-flex e-con-boxed e-con e-parent\" data-id=\"07b2663\" data-element_type=\"container\" data-e-type=\"container\">\n\t\t\t\t\t<div class=\"e-con-inner\">\n\t\t\t\t<div class=\"elementor-element elementor-element-31e0516 elementor-widget elementor-widget-heading\" data-id=\"31e0516\" data-element_type=\"widget\" data-e-type=\"widget\" data-widget_type=\"heading.default\">\n\t\t\t\t<div class=\"elementor-widget-container\">\n\t\t\t\t\t<h2 class=\"elementor-heading-title elementor-size-default\">Referente entre las empresas de productos congelados en Andaluc\u00eda<\/h2>\t\t\t\t<\/div>\n\t\t\t\t<\/div>\n\t\t\t\t\t<\/div>\n\t\t\t\t<\/div>\n\t\t<div class=\"elementor-element elementor-element-b098e83 e-flex e-con-boxed e-con e-parent\" data-id=\"b098e83\" data-element_type=\"container\" data-e-type=\"container\">\n\t\t\t\t\t<div class=\"e-con-inner\">\n\t\t\t\t<div class=\"elementor-element elementor-element-86d67e7 elementor-widget elementor-widget-text-editor\" data-id=\"86d67e7\" data-element_type=\"widget\" data-e-type=\"widget\" data-widget_type=\"text-editor.default\">\n\t\t\t\t<div class=\"elementor-widget-container\">\n\t\t\t\t\t\t\t\t\t<div class=\"col-md-4\"><p class=\"text-right wow fadeInLeft\"><span style=\"font-size: 16px;\">En la actualidad, contamos con una amplia cartera de clientes tanto de mayoristas como de minoristas que conf\u00edan en nosotros y en nuestras referencias.<\/span><\/p><\/div><div class=\"col-md-8\"><p class=\"texto\">Desde 2012 tenemos presencia activa en MERCASEVILLA, superando las expectativas. Si bien, podemos decir sin temor a equivocarnos que fuimos precursores en introducir en esta superficie una nueva visi\u00f3n del MERCADO MAYORISTA DEL CONGELADO, ampliando gamas de productos y el volumen de este negocio.<\/p><p class=\"texto\">Desde 2015 abastecemos diariamente importantes cadenas de supermercados a nivel regional con m\u00e1s de 250 puntos de venta.<\/p><div id=\"target-id66345bb20a2f7\" class=\"collapseomatic_content\"><p class=\"texto\">Marcas como McCain, Marfr\u00edo, Findus, Eurofrits, Priel\u00e1, etc. Nos acompa\u00f1an desde el principio sin perder la confianza depositada en nosotros.<\/p><p class=\"texto\">Nuestras 50 rutas est\u00e1n repartidas por Sevilla, Huelva, C\u00e1diz, C\u00f3rdoba y diferentes puntos de Extremadura.<\/p><p class=\"texto\">En tiempos de crisis hemos hecho frente a la inestabilidad del mercado, superando este escollo con la ilusi\u00f3n y el m\u00e1ximo esfuerzo de nuestro equipo de ventas.<\/p><p class=\"texto\">Todo este crecimiento dentro del sector de las empresas de productos congelados en Andaluc\u00eda y Extremadura se ha debido, en gran parte, a los valores que promocionamos. Lo primero que nos proponemos es mantener a los clientes felices a trav\u00e9s de una atenci\u00f3n personalizada, haci\u00e9ndonos responsables de todos los retos que nos propongan con perseverancia y fidelidad. Tambi\u00e9n tenemos el compromiso de ir aprendiendo con cada paso que damos e ir innovando para aumentar la calidad de todos nuestros servicios.<\/p><p class=\"texto\">Nuestros planes de futuro incluyen seguir ampliando el \u00e1mbito del negocio, invertir en nuevas tecnolog\u00edas para mejorar el servicio y los controles de almac\u00e9n , ampliar rutas por toda Andaluc\u00eda e incluso traspasar las fronteras a nuestro pa\u00eds vecino Portugal.<\/p><p class=\"texto\">Creamos empleo estable. Nuestra plantilla media supera los 70 empleados. En esta l\u00ednea, nuestro objetivo es contratar a personas que quieran formar parte de esta gran familia que ya somos.<\/p><p class=\"texto\">Las mujeres forman parte de los cargos m\u00e1s relevantes de la empresa. Se encuentran equiparadas en los puestos directivos y en la toma de decisiones empresariales.<\/p><\/div><\/div>\t\t\t\t\t\t\t\t<\/div>\n\t\t\t\t<\/div>\n\t\t\t\t\t<\/div>\n\t\t\t\t<\/div>\n\t\t<div class=\"elementor-element elementor-element-5eb86a2 e-flex e-con-boxed e-con e-parent\" data-id=\"5eb86a2\" data-element_type=\"container\" data-e-type=\"container\">\n\t\t\t\t\t<div class=\"e-con-inner\">\n\t\t<div class=\"elementor-element elementor-element-cf7e41c e-con-full e-flex e-con e-child\" data-id=\"cf7e41c\" data-element_type=\"container\" data-e-type=\"container\">\n\t\t\t\t<div class=\"elementor-element elementor-element-550d26c elementor-widget elementor-widget-heading\" data-id=\"550d26c\" data-element_type=\"widget\" data-e-type=\"widget\" data-widget_type=\"heading.default\">\n\t\t\t\t<div class=\"elementor-widget-container\">\n\t\t\t\t\t<h4 class=\"elementor-heading-title elementor-size-default\">Conf\u00eda en nosotros porque siempre fuimos, somos y seremos L\u00cdDERES DEL SECTOR DEL CONGELADO<\/h4>\t\t\t\t<\/div>\n\t\t\t\t<\/div>\n\t\t\t\t<\/div>\n\t\t<div class=\"elementor-element elementor-element-c330aca e-con-full e-flex e-con e-child\" data-id=\"c330aca\" data-element_type=\"container\" data-e-type=\"container\">\n\t\t\t\t<div class=\"elementor-element elementor-element-b647dff elementor-widget elementor-widget-button\" data-id=\"b647dff\" data-element_type=\"widget\" data-e-type=\"widget\" data-widget_type=\"button.default\">\n\t\t\t\t<div class=\"elementor-widget-container\">\n\t\t\t\t\t\t\t\t\t<div class=\"elementor-button-wrapper\">\n\t\t\t\t\t<a class=\"elementor-button elementor-button-link elementor-size-sm\" href=\"https:\/\/prueba.mtapia.es\/index.php\/contacto\/\">\n\t\t\t\t\t\t<span class=\"elementor-button-content-wrapper\">\n\t\t\t\t\t\t\t\t\t<span class=\"elementor-button-text\">CONTACTO<\/span>\n\t\t\t\t\t<\/span>\n\t\t\t\t\t<\/a>\n\t\t\t\t<\/div>\n\t\t\t\t\t\t\t\t<\/div>\n\t\t\t\t<\/div>\n\t\t\t\t<\/div>\n\t\t\t\t\t<\/div>\n\t\t\t\t<\/div>\n\t\t\t\t<\/div>\n\t\t","protected":false},"excerpt":{"rendered":"<p>En nuestras modernas instalaciones de 10.000 metros cuadrados de fr\u00edo disponemos de una capacidad de almacenamiento para seis millones de [&hellip;]<\/p>\n","protected":false},"author":1,"featured_media":0,"parent":0,"menu_order":0,"comment_status":"closed","ping_status":"closed","template":"","meta":{"site-sidebar-layout":"no-sidebar","site-content-layout":"","ast-site-content-layout":"full-width-container","site-content-style":"default","site-sidebar-style":"default","ast-global-header-display":"","ast-banner-title-visibility":"","ast-main-header-display":"","ast-hfb-above-header-display":"","ast-hfb-below-header-display":"","ast-hfb-mobile-header-display":"","site-post-title":"disabled","ast-breadcrumbs-content":"","ast-featured-img":"disabled","footer-sml-layout":"","ast-disable-related-posts":"","theme-transparent-header-meta":"","adv-header-id-meta":"","stick-header-meta":"","header-above-stick-meta":"","header-main-stick-meta":"","header-below-stick-meta":"","astra-migrate-meta-layouts":"default","ast-page-background-enabled":"default","ast-page-background-meta":{"desktop":{"background-color":"var(--ast-global-color-4)","background-image":"","background-repeat":"repeat","background-position":"center center","background-size":"auto","background-attachment":"scroll","background-type":"","background-media":"","overlay-type":"","overlay-color":"","overlay-opacity":"","overlay-gradient":""},"tablet":{"background-color":"","background-image":"","background-repeat":"repeat","background-position":"center center","background-size":"auto","background-attachment":"scroll","background-type":"","background-media":"","overlay-type":"","overlay-color":"","overlay-opacity":"","overlay-gradient":""},"mobile":{"background-color":"","background-image":"","background-repeat":"repeat","background-position":"center center","background-size":"auto","background-attachment":"scroll","background-type":"","background-media":"","overlay-type":"","overlay-color":"","overlay-opacity":"","overlay-gradient":""}},"ast-content-background-meta":{"desktop":{"background-color":"var(--ast-global-color-5)","background-image":"","background-repeat":"repeat","background-position":"center center","background-size":"auto","background-attachment":"scroll","background-type":"","background-media":"","overlay-type":"","overlay-color":"","overlay-opacity":"","overlay-gradient":""},"tablet":{"background-color":"var(--ast-global-color-5)","background-image":"","background-repeat":"repeat","background-position":"center center","background-size":"auto","background-attachment":"scroll","background-type":"","background-media":"","overlay-type":"","overlay-color":"","overlay-opacity":"","overlay-gradient":""},"mobile":{"background-color":"var(--ast-global-color-5)","background-image":"","background-repeat":"repeat","background-position":"center center","background-size":"auto","background-attachment":"scroll","background-type":"","background-media":"","overlay-type":"","overlay-color":"","overlay-opacity":"","overlay-gradient":""}},"two_page_speed":[],"footnotes":""},"class_list":["post-128","page","type-page","status-publish","hentry"],"yoast_head":"<!-- This site is optimized with the Yoast SEO plugin v27.4 - https:\/\/yoast.com\/product\/yoast-seo-wordpress\/ -->\n<title>YO SOY TAPIA -<\/title>\n<meta name=\"robots\" content=\"index, follow, max-snippet:-1, max-image-preview:large, max-video-preview:-1\" \/>\n<link rel=\"canonical\" href=\"https:\/\/prueba.mtapia.es\/index.php\/yo-soy-tapia\/\" \/>\n<meta property=\"og:locale\" content=\"es_ES\" \/>\n<meta property=\"og:type\" content=\"article\" \/>\n<meta property=\"og:title\" content=\"YO SOY TAPIA -\" \/>\n<meta property=\"og:description\" content=\"En nuestras modernas instalaciones de 10.000 metros cuadrados de fr\u00edo disponemos de una capacidad de almacenamiento para seis millones de [&hellip;]\" \/>\n<meta property=\"og:url\" content=\"https:\/\/prueba.mtapia.es\/index.php\/yo-soy-tapia\/\" \/>\n<meta property=\"article:modified_time\" content=\"2024-05-31T09:55:32+00:00\" \/>\n<meta property=\"og:image\" content=\"https:\/\/prueba.mtapia.es\/wp-content\/uploads\/2024\/05\/iNSTALACIONES-M-TAPIA-1-1024x597.jpg\" \/>\n<meta name=\"twitter:card\" content=\"summary_large_image\" \/>\n<meta name=\"twitter:label1\" content=\"Tiempo de lectura\" \/>\n\t<meta name=\"twitter:data1\" content=\"4 minutos\" \/>\n<script type=\"application\/ld+json\" class=\"yoast-schema-graph\">{\"@context\":\"https:\\\/\\\/schema.org\",\"@graph\":[{\"@type\":\"WebPage\",\"@id\":\"https:\\\/\\\/prueba.mtapia.es\\\/index.php\\\/yo-soy-tapia\\\/\",\"url\":\"https:\\\/\\\/prueba.mtapia.es\\\/index.php\\\/yo-soy-tapia\\\/\",\"name\":\"YO SOY TAPIA -\",\"isPartOf\":{\"@id\":\"https:\\\/\\\/prueba.mtapia.es\\\/#website\"},\"primaryImageOfPage\":{\"@id\":\"https:\\\/\\\/prueba.mtapia.es\\\/index.php\\\/yo-soy-tapia\\\/#primaryimage\"},\"image\":{\"@id\":\"https:\\\/\\\/prueba.mtapia.es\\\/index.php\\\/yo-soy-tapia\\\/#primaryimage\"},\"thumbnailUrl\":\"https:\\\/\\\/prueba.mtapia.es\\\/wp-content\\\/uploads\\\/2024\\\/05\\\/iNSTALACIONES-M-TAPIA-1-1024x597.jpg\",\"datePublished\":\"2024-05-30T09:02:28+00:00\",\"dateModified\":\"2024-05-31T09:55:32+00:00\",\"breadcrumb\":{\"@id\":\"https:\\\/\\\/prueba.mtapia.es\\\/index.php\\\/yo-soy-tapia\\\/#breadcrumb\"},\"inLanguage\":\"es\",\"potentialAction\":[{\"@type\":\"ReadAction\",\"target\":[\"https:\\\/\\\/prueba.mtapia.es\\\/index.php\\\/yo-soy-tapia\\\/\"]}]},{\"@type\":\"ImageObject\",\"inLanguage\":\"es\",\"@id\":\"https:\\\/\\\/prueba.mtapia.es\\\/index.php\\\/yo-soy-tapia\\\/#primaryimage\",\"url\":\"https:\\\/\\\/prueba.mtapia.es\\\/wp-content\\\/uploads\\\/2024\\\/05\\\/iNSTALACIONES-M-TAPIA-1.jpg\",\"contentUrl\":\"https:\\\/\\\/prueba.mtapia.es\\\/wp-content\\\/uploads\\\/2024\\\/05\\\/iNSTALACIONES-M-TAPIA-1.jpg\",\"width\":1200,\"height\":700},{\"@type\":\"BreadcrumbList\",\"@id\":\"https:\\\/\\\/prueba.mtapia.es\\\/index.php\\\/yo-soy-tapia\\\/#breadcrumb\",\"itemListElement\":[{\"@type\":\"ListItem\",\"position\":1,\"name\":\"Portada\",\"item\":\"https:\\\/\\\/prueba.mtapia.es\\\/\"},{\"@type\":\"ListItem\",\"position\":2,\"name\":\"YO SOY TAPIA\"}]},{\"@type\":\"WebSite\",\"@id\":\"https:\\\/\\\/prueba.mtapia.es\\\/#website\",\"url\":\"https:\\\/\\\/prueba.mtapia.es\\\/\",\"name\":\"\",\"description\":\"mtapia.es\",\"potentialAction\":[{\"@type\":\"SearchAction\",\"target\":{\"@type\":\"EntryPoint\",\"urlTemplate\":\"https:\\\/\\\/prueba.mtapia.es\\\/?s={search_term_string}\"},\"query-input\":{\"@type\":\"PropertyValueSpecification\",\"valueRequired\":true,\"valueName\":\"search_term_string\"}}],\"inLanguage\":\"es\"}]}<\/script>\n<!-- \/ Yoast SEO plugin. -->","yoast_head_json":{"title":"YO SOY TAPIA -","robots":{"index":"index","follow":"follow","max-snippet":"max-snippet:-1","max-image-preview":"max-image-preview:large","max-video-preview":"max-video-preview:-1"},"canonical":"https:\/\/prueba.mtapia.es\/index.php\/yo-soy-tapia\/","og_locale":"es_ES","og_type":"article","og_title":"YO SOY TAPIA -","og_description":"En nuestras modernas instalaciones de 10.000 metros cuadrados de fr\u00edo disponemos de una capacidad de almacenamiento para seis millones de [&hellip;]","og_url":"https:\/\/prueba.mtapia.es\/index.php\/yo-soy-tapia\/","article_modified_time":"2024-05-31T09:55:32+00:00","og_image":[{"url":"https:\/\/prueba.mtapia.es\/wp-content\/uploads\/2024\/05\/iNSTALACIONES-M-TAPIA-1-1024x597.jpg","type":"","width":"","height":""}],"twitter_card":"summary_large_image","twitter_misc":{"Tiempo de lectura":"4 minutos"},"schema":{"@context":"https:\/\/schema.org","@graph":[{"@type":"WebPage","@id":"https:\/\/prueba.mtapia.es\/index.php\/yo-soy-tapia\/","url":"https:\/\/prueba.mtapia.es\/index.php\/yo-soy-tapia\/","name":"YO SOY TAPIA -","isPartOf":{"@id":"https:\/\/prueba.mtapia.es\/#website"},"primaryImageOfPage":{"@id":"https:\/\/prueba.mtapia.es\/index.php\/yo-soy-tapia\/#primaryimage"},"image":{"@id":"https:\/\/prueba.mtapia.es\/index.php\/yo-soy-tapia\/#primaryimage"},"thumbnailUrl":"https:\/\/prueba.mtapia.es\/wp-content\/uploads\/2024\/05\/iNSTALACIONES-M-TAPIA-1-1024x597.jpg","datePublished":"2024-05-30T09:02:28+00:00","dateModified":"2024-05-31T09:55:32+00:00","breadcrumb":{"@id":"https:\/\/prueba.mtapia.es\/index.php\/yo-soy-tapia\/#breadcrumb"},"inLanguage":"es","potentialAction":[{"@type":"ReadAction","target":["https:\/\/prueba.mtapia.es\/index.php\/yo-soy-tapia\/"]}]},{"@type":"ImageObject","inLanguage":"es","@id":"https:\/\/prueba.mtapia.es\/index.php\/yo-soy-tapia\/#primaryimage","url":"https:\/\/prueba.mtapia.es\/wp-content\/uploads\/2024\/05\/iNSTALACIONES-M-TAPIA-1.jpg","contentUrl":"https:\/\/prueba.mtapia.es\/wp-content\/uploads\/2024\/05\/iNSTALACIONES-M-TAPIA-1.jpg","width":1200,"height":700},{"@type":"BreadcrumbList","@id":"https:\/\/prueba.mtapia.es\/index.php\/yo-soy-tapia\/#breadcrumb","itemListElement":[{"@type":"ListItem","position":1,"name":"Portada","item":"https:\/\/prueba.mtapia.es\/"},{"@type":"ListItem","position":2,"name":"YO SOY TAPIA"}]},{"@type":"WebSite","@id":"https:\/\/prueba.mtapia.es\/#website","url":"https:\/\/prueba.mtapia.es\/","name":"","description":"mtapia.es","potentialAction":[{"@type":"SearchAction","target":{"@type":"EntryPoint","urlTemplate":"https:\/\/prueba.mtapia.es\/?s={search_term_string}"},"query-input":{"@type":"PropertyValueSpecification","valueRequired":true,"valueName":"search_term_string"}}],"inLanguage":"es"}]}},"_links":{"self":[{"href":"https:\/\/prueba.mtapia.es\/index.php\/wp-json\/wp\/v2\/pages\/128","targetHints":{"allow":["GET"]}}],"collection":[{"href":"https:\/\/prueba.mtapia.es\/index.php\/wp-json\/wp\/v2\/pages"}],"about":[{"href":"https:\/\/prueba.mtapia.es\/index.php\/wp-json\/wp\/v2\/types\/page"}],"author":[{"embeddable":true,"href":"https:\/\/prueba.mtapia.es\/index.php\/wp-json\/wp\/v2\/users\/1"}],"replies":[{"embeddable":true,"href":"https:\/\/prueba.mtapia.es\/index.php\/wp-json\/wp\/v2\/comments?post=128"}],"version-history":[{"count":74,"href":"https:\/\/prueba.mtapia.es\/index.php\/wp-json\/wp\/v2\/pages\/128\/revisions"}],"predecessor-version":[{"id":259,"href":"https:\/\/prueba.mtapia.es\/index.php\/wp-json\/wp\/v2\/pages\/128\/revisions\/259"}],"wp:attachment":[{"href":"https:\/\/prueba.mtapia.es\/index.php\/wp-json\/wp\/v2\/media?parent=128"}],"curies":[{"name":"wp","href":"https:\/\/api.w.org\/{rel}","templated":true}]}}