{"id":372,"date":"2024-07-05T12:10:26","date_gmt":"2024-07-05T12:10:26","guid":{"rendered":"https:\/\/prueba.mtapia.es\/?page_id=372"},"modified":"2025-04-15T12:39:27","modified_gmt":"2025-04-15T12:39:27","slug":"pescados","status":"publish","type":"page","link":"https:\/\/prueba.mtapia.es\/index.php\/pescados\/","title":{"rendered":"Pescados"},"content":{"rendered":"\t\t<div data-elementor-type=\"wp-page\" data-elementor-id=\"372\" class=\"elementor elementor-372\">\n\t\t\t\t<div class=\"elementor-element elementor-element-1342580 e-flex e-con-boxed e-con e-parent\" data-id=\"1342580\" data-element_type=\"container\" data-e-type=\"container\">\n\t\t\t\t\t<div class=\"e-con-inner\">\n\t\t\t\t<div class=\"elementor-element elementor-element-0f981e7 elementor-position-left elementor-vertical-align-top elementor-widget elementor-widget-image-box\" data-id=\"0f981e7\" data-element_type=\"widget\" data-e-type=\"widget\" data-widget_type=\"image-box.default\">\n\t\t\t\t<div class=\"elementor-widget-container\">\n\t\t\t\t\t<div class=\"elementor-image-box-wrapper\"><figure class=\"elementor-image-box-img\"><img fetchpriority=\"high\" decoding=\"async\" width=\"1024\" height=\"632\" src=\"https:\/\/prueba.mtapia.es\/wp-content\/uploads\/2024\/07\/supremas_merluza_plancha-1024x632-1.jpg\" class=\"attachment-full size-full wp-image-364\" alt=\"\" srcset=\"https:\/\/prueba.mtapia.es\/wp-content\/uploads\/2024\/07\/supremas_merluza_plancha-1024x632-1.jpg 1024w, https:\/\/prueba.mtapia.es\/wp-content\/uploads\/2024\/07\/supremas_merluza_plancha-1024x632-1-300x185.jpg 300w, https:\/\/prueba.mtapia.es\/wp-content\/uploads\/2024\/07\/supremas_merluza_plancha-1024x632-1-768x474.jpg 768w, https:\/\/prueba.mtapia.es\/wp-content\/uploads\/2024\/07\/supremas_merluza_plancha-1024x632-1-600x370.jpg 600w\" sizes=\"(max-width: 1024px) 100vw, 1024px\" \/><\/figure><div class=\"elementor-image-box-content\"><h3 class=\"elementor-image-box-title\">Lomos de Merluza<\/h3><\/div><\/div>\t\t\t\t<\/div>\n\t\t\t\t<\/div>\n\t\t\t\t\t<\/div>\n\t\t\t\t<\/div>\n\t\t<div class=\"elementor-element elementor-element-c4d7aa9 e-flex e-con-boxed e-con e-parent\" data-id=\"c4d7aa9\" data-element_type=\"container\" data-e-type=\"container\">\n\t\t\t\t\t<div class=\"e-con-inner\">\n\t\t\t\t<div class=\"elementor-element elementor-element-eee2628 elementor-position-left elementor-vertical-align-top elementor-widget elementor-widget-image-box\" data-id=\"eee2628\" data-element_type=\"widget\" data-e-type=\"widget\" data-widget_type=\"image-box.default\">\n\t\t\t\t<div class=\"elementor-widget-container\">\n\t\t\t\t\t<div class=\"elementor-image-box-wrapper\"><figure class=\"elementor-image-box-img\"><img decoding=\"async\" width=\"2560\" height=\"1920\" src=\"https:\/\/prueba.mtapia.es\/wp-content\/uploads\/2024\/07\/PULPO-2-scaled.jpg\" class=\"attachment-full size-full wp-image-343\" alt=\"\" srcset=\"https:\/\/prueba.mtapia.es\/wp-content\/uploads\/2024\/07\/PULPO-2-scaled.jpg 2560w, https:\/\/prueba.mtapia.es\/wp-content\/uploads\/2024\/07\/PULPO-2-300x225.jpg 300w, https:\/\/prueba.mtapia.es\/wp-content\/uploads\/2024\/07\/PULPO-2-1024x768.jpg 1024w, https:\/\/prueba.mtapia.es\/wp-content\/uploads\/2024\/07\/PULPO-2-768x576.jpg 768w, https:\/\/prueba.mtapia.es\/wp-content\/uploads\/2024\/07\/PULPO-2-1536x1152.jpg 1536w, https:\/\/prueba.mtapia.es\/wp-content\/uploads\/2024\/07\/PULPO-2-2048x1536.jpg 2048w, https:\/\/prueba.mtapia.es\/wp-content\/uploads\/2024\/07\/PULPO-2-600x450.jpg 600w\" sizes=\"(max-width: 2560px) 100vw, 2560px\" \/><\/figure><div class=\"elementor-image-box-content\"><h3 class=\"elementor-image-box-title\">Pulpo Pata Cocida<\/h3><p class=\"elementor-image-box-description\">Varios tama\u00f1os<\/p><\/div><\/div>\t\t\t\t<\/div>\n\t\t\t\t<\/div>\n\t\t\t\t\t<\/div>\n\t\t\t\t<\/div>\n\t\t<div class=\"elementor-element elementor-element-5bd97ce e-flex e-con-boxed e-con e-parent\" data-id=\"5bd97ce\" data-element_type=\"container\" data-e-type=\"container\">\n\t\t\t\t\t<div class=\"e-con-inner\">\n\t\t\t\t<div class=\"elementor-element elementor-element-34e9284 elementor-position-left elementor-vertical-align-top elementor-widget elementor-widget-image-box\" data-id=\"34e9284\" data-element_type=\"widget\" data-e-type=\"widget\" data-widget_type=\"image-box.default\">\n\t\t\t\t<div class=\"elementor-widget-container\">\n\t\t\t\t\t<div class=\"elementor-image-box-wrapper\"><figure class=\"elementor-image-box-img\"><img decoding=\"async\" width=\"800\" height=\"444\" src=\"https:\/\/prueba.mtapia.es\/wp-content\/uploads\/2024\/07\/Salmon-Noruega-2-1.jpg\" class=\"attachment-full size-full wp-image-351\" alt=\"\" srcset=\"https:\/\/prueba.mtapia.es\/wp-content\/uploads\/2024\/07\/Salmon-Noruega-2-1.jpg 800w, https:\/\/prueba.mtapia.es\/wp-content\/uploads\/2024\/07\/Salmon-Noruega-2-1-300x167.jpg 300w, https:\/\/prueba.mtapia.es\/wp-content\/uploads\/2024\/07\/Salmon-Noruega-2-1-768x426.jpg 768w, https:\/\/prueba.mtapia.es\/wp-content\/uploads\/2024\/07\/Salmon-Noruega-2-1-600x333.jpg 600w\" sizes=\"(max-width: 800px) 100vw, 800px\" \/><\/figure><div class=\"elementor-image-box-content\"><h3 class=\"elementor-image-box-title\">Lomo de Salm\u00f3n Noruego<\/h3><p class=\"elementor-image-box-description\">Lomos de Salm\u00f3n Noruego premium Seastar. Envasados al vac\u00edo en paquetes de 125gr<\/p><\/div><\/div>\t\t\t\t<\/div>\n\t\t\t\t<\/div>\n\t\t\t\t\t<\/div>\n\t\t\t\t<\/div>\n\t\t<div class=\"elementor-element elementor-element-bb4e218 e-flex e-con-boxed e-con e-parent\" data-id=\"bb4e218\" data-element_type=\"container\" data-e-type=\"container\">\n\t\t\t\t\t<div class=\"e-con-inner\">\n\t\t\t\t<div class=\"elementor-element elementor-element-691916e elementor-position-left elementor-vertical-align-top elementor-widget elementor-widget-image-box\" data-id=\"691916e\" data-element_type=\"widget\" data-e-type=\"widget\" data-widget_type=\"image-box.default\">\n\t\t\t\t<div class=\"elementor-widget-container\">\n\t\t\t\t\t<div class=\"elementor-image-box-wrapper\"><figure class=\"elementor-image-box-img\"><img loading=\"lazy\" decoding=\"async\" width=\"1054\" height=\"400\" src=\"https:\/\/prueba.mtapia.es\/wp-content\/uploads\/2024\/06\/Filete-de-Bacalao-plato-e1720092720942.jpg\" class=\"attachment-full size-full wp-image-288\" alt=\"\" \/><\/figure><div class=\"elementor-image-box-content\"><h3 class=\"elementor-image-box-title\">Filete Bacalao Icelandic<\/h3><p class=\"elementor-image-box-description\">Filete de Bacalao 500\/1000 Icelandic en cajasde 11kg<\/p><\/div><\/div>\t\t\t\t<\/div>\n\t\t\t\t<\/div>\n\t\t\t\t\t<\/div>\n\t\t\t\t<\/div>\n\t\t<div class=\"elementor-element elementor-element-373e5a1 e-flex e-con-boxed e-con e-parent\" data-id=\"373e5a1\" data-element_type=\"container\" data-e-type=\"container\">\n\t\t\t\t\t<div class=\"e-con-inner\">\n\t\t\t\t<div class=\"elementor-element elementor-element-d5292a4 elementor-position-left elementor-vertical-align-top elementor-widget elementor-widget-image-box\" data-id=\"d5292a4\" data-element_type=\"widget\" data-e-type=\"widget\" data-widget_type=\"image-box.default\">\n\t\t\t\t<div class=\"elementor-widget-container\">\n\t\t\t\t\t<div class=\"elementor-image-box-wrapper\"><figure class=\"elementor-image-box-img\"><img loading=\"lazy\" decoding=\"async\" width=\"640\" height=\"427\" src=\"https:\/\/prueba.mtapia.es\/wp-content\/uploads\/2025\/04\/CHOCO.jpg\" class=\"attachment-full size-full wp-image-608\" alt=\"\" srcset=\"https:\/\/prueba.mtapia.es\/wp-content\/uploads\/2025\/04\/CHOCO.jpg 640w, https:\/\/prueba.mtapia.es\/wp-content\/uploads\/2025\/04\/CHOCO-300x200.jpg 300w, https:\/\/prueba.mtapia.es\/wp-content\/uploads\/2025\/04\/CHOCO-600x400.jpg 600w\" sizes=\"(max-width: 640px) 100vw, 640px\" \/><\/figure><div class=\"elementor-image-box-content\"><h3 class=\"elementor-image-box-title\">Calamar  <\/h3><p class=\"elementor-image-box-description\">Varios  tama\u00f1os\n<\/p><\/div><\/div>\t\t\t\t<\/div>\n\t\t\t\t<\/div>\n\t\t\t\t\t<\/div>\n\t\t\t\t<\/div>\n\t\t<div class=\"elementor-element elementor-element-133d5d7 e-flex e-con-boxed e-con e-parent\" data-id=\"133d5d7\" data-element_type=\"container\" data-e-type=\"container\">\n\t\t\t\t\t<div class=\"e-con-inner\">\n\t\t\t\t<div class=\"elementor-element elementor-element-b3977ef elementor-position-left elementor-vertical-align-top elementor-widget elementor-widget-image-box\" data-id=\"b3977ef\" data-element_type=\"widget\" data-e-type=\"widget\" data-widget_type=\"image-box.default\">\n\t\t\t\t<div class=\"elementor-widget-container\">\n\t\t\t\t\t<div class=\"elementor-image-box-wrapper\"><figure class=\"elementor-image-box-img\"><img loading=\"lazy\" decoding=\"async\" width=\"640\" height=\"427\" src=\"https:\/\/prueba.mtapia.es\/wp-content\/uploads\/2025\/04\/RAPE.jpg\" class=\"attachment-full size-full wp-image-632\" alt=\"\" srcset=\"https:\/\/prueba.mtapia.es\/wp-content\/uploads\/2025\/04\/RAPE.jpg 640w, https:\/\/prueba.mtapia.es\/wp-content\/uploads\/2025\/04\/RAPE-300x200.jpg 300w, https:\/\/prueba.mtapia.es\/wp-content\/uploads\/2025\/04\/RAPE-600x400.jpg 600w\" sizes=\"(max-width: 640px) 100vw, 640px\" \/><\/figure><div class=\"elementor-image-box-content\"><h3 class=\"elementor-image-box-title\">Rape s\/p 500\/1000 de Abordo Namibia<\/h3><\/div><\/div>\t\t\t\t<\/div>\n\t\t\t\t<\/div>\n\t\t\t\t\t<\/div>\n\t\t\t\t<\/div>\n\t\t\t\t<\/div>\n\t\t","protected":false},"excerpt":{"rendered":"<p>Lomos de Merluza Pulpo Pata Cocida Varios tama\u00f1os Lomo de Salm\u00f3n Noruego Lomos de Salm\u00f3n Noruego premium Seastar. Envasados al [&hellip;]<\/p>\n","protected":false},"author":1,"featured_media":383,"parent":0,"menu_order":0,"comment_status":"closed","ping_status":"closed","template":"","meta":{"site-sidebar-layout":"no-sidebar","site-content-layout":"","ast-site-content-layout":"full-width-container","site-content-style":"default","site-sidebar-style":"default","ast-global-header-display":"","ast-banner-title-visibility":"","ast-main-header-display":"","ast-hfb-above-header-display":"","ast-hfb-below-header-display":"","ast-hfb-mobile-header-display":"","site-post-title":"disabled","ast-breadcrumbs-content":"","ast-featured-img":"disabled","footer-sml-layout":"","ast-disable-related-posts":"","theme-transparent-header-meta":"","adv-header-id-meta":"","stick-header-meta":"","header-above-stick-meta":"","header-main-stick-meta":"","header-below-stick-meta":"","astra-migrate-meta-layouts":"default","ast-page-background-enabled":"default","ast-page-background-meta":{"desktop":{"background-color":"var(--ast-global-color-4)","background-image":"","background-repeat":"repeat","background-position":"center center","background-size":"auto","background-attachment":"scroll","background-type":"","background-media":"","overlay-type":"","overlay-color":"","overlay-opacity":"","overlay-gradient":""},"tablet":{"background-color":"","background-image":"","background-repeat":"repeat","background-position":"center center","background-size":"auto","background-attachment":"scroll","background-type":"","background-media":"","overlay-type":"","overlay-color":"","overlay-opacity":"","overlay-gradient":""},"mobile":{"background-color":"","background-image":"","background-repeat":"repeat","background-position":"center center","background-size":"auto","background-attachment":"scroll","background-type":"","background-media":"","overlay-type":"","overlay-color":"","overlay-opacity":"","overlay-gradient":""}},"ast-content-background-meta":{"desktop":{"background-color":"var(--ast-global-color-5)","background-image":"","background-repeat":"repeat","background-position":"center center","background-size":"auto","background-attachment":"scroll","background-type":"","background-media":"","overlay-type":"","overlay-color":"","overlay-opacity":"","overlay-gradient":""},"tablet":{"background-color":"var(--ast-global-color-5)","background-image":"","background-repeat":"repeat","background-position":"center center","background-size":"auto","background-attachment":"scroll","background-type":"","background-media":"","overlay-type":"","overlay-color":"","overlay-opacity":"","overlay-gradient":""},"mobile":{"background-color":"var(--ast-global-color-5)","background-image":"","background-repeat":"repeat","background-position":"center center","background-size":"auto","background-attachment":"scroll","background-type":"","background-media":"","overlay-type":"","overlay-color":"","overlay-opacity":"","overlay-gradient":""}},"two_page_speed":[],"footnotes":""},"class_list":["post-372","page","type-page","status-publish","has-post-thumbnail","hentry"],"yoast_head":"<!-- This site is optimized with the Yoast SEO plugin v27.4 - https:\/\/yoast.com\/product\/yoast-seo-wordpress\/ -->\n<title>Pescados -<\/title>\n<meta name=\"robots\" content=\"index, follow, max-snippet:-1, max-image-preview:large, max-video-preview:-1\" \/>\n<link rel=\"canonical\" href=\"https:\/\/prueba.mtapia.es\/index.php\/pescados\/\" \/>\n<meta property=\"og:locale\" content=\"es_ES\" \/>\n<meta property=\"og:type\" content=\"article\" \/>\n<meta property=\"og:title\" content=\"Pescados -\" \/>\n<meta property=\"og:description\" content=\"Lomos de Merluza Pulpo Pata Cocida Varios tama\u00f1os Lomo de Salm\u00f3n Noruego Lomos de Salm\u00f3n Noruego premium Seastar. Envasados al [&hellip;]\" \/>\n<meta property=\"og:url\" content=\"https:\/\/prueba.mtapia.es\/index.php\/pescados\/\" \/>\n<meta property=\"article:modified_time\" content=\"2025-04-15T12:39:27+00:00\" \/>\n<meta property=\"og:image\" content=\"https:\/\/prueba.mtapia.es\/wp-content\/uploads\/2024\/07\/Pescados.jpg\" \/>\n\t<meta property=\"og:image:width\" content=\"1333\" \/>\n\t<meta property=\"og:image:height\" content=\"2000\" \/>\n\t<meta property=\"og:image:type\" content=\"image\/jpeg\" \/>\n<meta name=\"twitter:card\" content=\"summary_large_image\" \/>\n<meta name=\"twitter:label1\" content=\"Tiempo de lectura\" \/>\n\t<meta name=\"twitter:data1\" content=\"2 minutos\" \/>\n<script type=\"application\/ld+json\" class=\"yoast-schema-graph\">{\"@context\":\"https:\\\/\\\/schema.org\",\"@graph\":[{\"@type\":\"WebPage\",\"@id\":\"https:\\\/\\\/prueba.mtapia.es\\\/index.php\\\/pescados\\\/\",\"url\":\"https:\\\/\\\/prueba.mtapia.es\\\/index.php\\\/pescados\\\/\",\"name\":\"Pescados -\",\"isPartOf\":{\"@id\":\"https:\\\/\\\/prueba.mtapia.es\\\/#website\"},\"primaryImageOfPage\":{\"@id\":\"https:\\\/\\\/prueba.mtapia.es\\\/index.php\\\/pescados\\\/#primaryimage\"},\"image\":{\"@id\":\"https:\\\/\\\/prueba.mtapia.es\\\/index.php\\\/pescados\\\/#primaryimage\"},\"thumbnailUrl\":\"https:\\\/\\\/prueba.mtapia.es\\\/wp-content\\\/uploads\\\/2024\\\/07\\\/Pescados.jpg\",\"datePublished\":\"2024-07-05T12:10:26+00:00\",\"dateModified\":\"2025-04-15T12:39:27+00:00\",\"breadcrumb\":{\"@id\":\"https:\\\/\\\/prueba.mtapia.es\\\/index.php\\\/pescados\\\/#breadcrumb\"},\"inLanguage\":\"es\",\"potentialAction\":[{\"@type\":\"ReadAction\",\"target\":[\"https:\\\/\\\/prueba.mtapia.es\\\/index.php\\\/pescados\\\/\"]}]},{\"@type\":\"ImageObject\",\"inLanguage\":\"es\",\"@id\":\"https:\\\/\\\/prueba.mtapia.es\\\/index.php\\\/pescados\\\/#primaryimage\",\"url\":\"https:\\\/\\\/prueba.mtapia.es\\\/wp-content\\\/uploads\\\/2024\\\/07\\\/Pescados.jpg\",\"contentUrl\":\"https:\\\/\\\/prueba.mtapia.es\\\/wp-content\\\/uploads\\\/2024\\\/07\\\/Pescados.jpg\",\"width\":1333,\"height\":2000},{\"@type\":\"BreadcrumbList\",\"@id\":\"https:\\\/\\\/prueba.mtapia.es\\\/index.php\\\/pescados\\\/#breadcrumb\",\"itemListElement\":[{\"@type\":\"ListItem\",\"position\":1,\"name\":\"Portada\",\"item\":\"https:\\\/\\\/prueba.mtapia.es\\\/\"},{\"@type\":\"ListItem\",\"position\":2,\"name\":\"Pescados\"}]},{\"@type\":\"WebSite\",\"@id\":\"https:\\\/\\\/prueba.mtapia.es\\\/#website\",\"url\":\"https:\\\/\\\/prueba.mtapia.es\\\/\",\"name\":\"\",\"description\":\"mtapia.es\",\"potentialAction\":[{\"@type\":\"SearchAction\",\"target\":{\"@type\":\"EntryPoint\",\"urlTemplate\":\"https:\\\/\\\/prueba.mtapia.es\\\/?s={search_term_string}\"},\"query-input\":{\"@type\":\"PropertyValueSpecification\",\"valueRequired\":true,\"valueName\":\"search_term_string\"}}],\"inLanguage\":\"es\"}]}<\/script>\n<!-- \/ Yoast SEO plugin. -->","yoast_head_json":{"title":"Pescados -","robots":{"index":"index","follow":"follow","max-snippet":"max-snippet:-1","max-image-preview":"max-image-preview:large","max-video-preview":"max-video-preview:-1"},"canonical":"https:\/\/prueba.mtapia.es\/index.php\/pescados\/","og_locale":"es_ES","og_type":"article","og_title":"Pescados -","og_description":"Lomos de Merluza Pulpo Pata Cocida Varios tama\u00f1os Lomo de Salm\u00f3n Noruego Lomos de Salm\u00f3n Noruego premium Seastar. Envasados al [&hellip;]","og_url":"https:\/\/prueba.mtapia.es\/index.php\/pescados\/","article_modified_time":"2025-04-15T12:39:27+00:00","og_image":[{"width":1333,"height":2000,"url":"https:\/\/prueba.mtapia.es\/wp-content\/uploads\/2024\/07\/Pescados.jpg","type":"image\/jpeg"}],"twitter_card":"summary_large_image","twitter_misc":{"Tiempo de lectura":"2 minutos"},"schema":{"@context":"https:\/\/schema.org","@graph":[{"@type":"WebPage","@id":"https:\/\/prueba.mtapia.es\/index.php\/pescados\/","url":"https:\/\/prueba.mtapia.es\/index.php\/pescados\/","name":"Pescados -","isPartOf":{"@id":"https:\/\/prueba.mtapia.es\/#website"},"primaryImageOfPage":{"@id":"https:\/\/prueba.mtapia.es\/index.php\/pescados\/#primaryimage"},"image":{"@id":"https:\/\/prueba.mtapia.es\/index.php\/pescados\/#primaryimage"},"thumbnailUrl":"https:\/\/prueba.mtapia.es\/wp-content\/uploads\/2024\/07\/Pescados.jpg","datePublished":"2024-07-05T12:10:26+00:00","dateModified":"2025-04-15T12:39:27+00:00","breadcrumb":{"@id":"https:\/\/prueba.mtapia.es\/index.php\/pescados\/#breadcrumb"},"inLanguage":"es","potentialAction":[{"@type":"ReadAction","target":["https:\/\/prueba.mtapia.es\/index.php\/pescados\/"]}]},{"@type":"ImageObject","inLanguage":"es","@id":"https:\/\/prueba.mtapia.es\/index.php\/pescados\/#primaryimage","url":"https:\/\/prueba.mtapia.es\/wp-content\/uploads\/2024\/07\/Pescados.jpg","contentUrl":"https:\/\/prueba.mtapia.es\/wp-content\/uploads\/2024\/07\/Pescados.jpg","width":1333,"height":2000},{"@type":"BreadcrumbList","@id":"https:\/\/prueba.mtapia.es\/index.php\/pescados\/#breadcrumb","itemListElement":[{"@type":"ListItem","position":1,"name":"Portada","item":"https:\/\/prueba.mtapia.es\/"},{"@type":"ListItem","position":2,"name":"Pescados"}]},{"@type":"WebSite","@id":"https:\/\/prueba.mtapia.es\/#website","url":"https:\/\/prueba.mtapia.es\/","name":"","description":"mtapia.es","potentialAction":[{"@type":"SearchAction","target":{"@type":"EntryPoint","urlTemplate":"https:\/\/prueba.mtapia.es\/?s={search_term_string}"},"query-input":{"@type":"PropertyValueSpecification","valueRequired":true,"valueName":"search_term_string"}}],"inLanguage":"es"}]}},"_links":{"self":[{"href":"https:\/\/prueba.mtapia.es\/index.php\/wp-json\/wp\/v2\/pages\/372","targetHints":{"allow":["GET"]}}],"collection":[{"href":"https:\/\/prueba.mtapia.es\/index.php\/wp-json\/wp\/v2\/pages"}],"about":[{"href":"https:\/\/prueba.mtapia.es\/index.php\/wp-json\/wp\/v2\/types\/page"}],"author":[{"embeddable":true,"href":"https:\/\/prueba.mtapia.es\/index.php\/wp-json\/wp\/v2\/users\/1"}],"replies":[{"embeddable":true,"href":"https:\/\/prueba.mtapia.es\/index.php\/wp-json\/wp\/v2\/comments?post=372"}],"version-history":[{"count":19,"href":"https:\/\/prueba.mtapia.es\/index.php\/wp-json\/wp\/v2\/pages\/372\/revisions"}],"predecessor-version":[{"id":635,"href":"https:\/\/prueba.mtapia.es\/index.php\/wp-json\/wp\/v2\/pages\/372\/revisions\/635"}],"wp:featuredmedia":[{"embeddable":true,"href":"https:\/\/prueba.mtapia.es\/index.php\/wp-json\/wp\/v2\/media\/383"}],"wp:attachment":[{"href":"https:\/\/prueba.mtapia.es\/index.php\/wp-json\/wp\/v2\/media?parent=372"}],"curies":[{"name":"wp","href":"https:\/\/api.w.org\/{rel}","templated":true}]}}